{"id":1102,"date":"2023-03-31T05:06:53","date_gmt":"2023-03-31T09:06:53","guid":{"rendered":"http:\/\/cybereti.com\/?page_id=1102"},"modified":"2024-10-31T17:00:11","modified_gmt":"2024-10-31T16:00:11","slug":"mission","status":"publish","type":"page","link":"https:\/\/cybereti.com\/index.php\/mission\/","title":{"rendered":"Mission"},"content":{"rendered":"\t\t<div data-elementor-type=\"wp-page\" data-elementor-id=\"1102\" class=\"elementor elementor-1102\">\n\t\t\t\t\t\t<section class=\"elementor-section elementor-top-section elementor-element elementor-element-4982af6 elementor-section-boxed elementor-section-height-default elementor-section-height-default\" data-id=\"4982af6\" data-element_type=\"section\">\n\t\t\t\t\t\t<div class=\"elementor-container elementor-column-gap-default\">\n\t\t\t\t\t<div class=\"elementor-column elementor-col-100 elementor-top-column elementor-element elementor-element-cf0d25b\" data-id=\"cf0d25b\" data-element_type=\"column\">\n\t\t\t<div class=\"elementor-widget-wrap\">\n\t\t\t\t\t\t\t<\/div>\n\t\t<\/div>\n\t\t\t\t\t<\/div>\n\t\t<\/section>\n\t\t\t\t<section class=\"elementor-section elementor-top-section elementor-element elementor-element-88a2aaa elementor-section-boxed elementor-section-height-default elementor-section-height-default\" data-id=\"88a2aaa\" data-element_type=\"section\">\n\t\t\t\t\t\t<div class=\"elementor-container elementor-column-gap-default\">\n\t\t\t\t\t<div class=\"elementor-column elementor-col-100 elementor-top-column elementor-element elementor-element-81a2f67\" data-id=\"81a2f67\" data-element_type=\"column\">\n\t\t\t<div class=\"elementor-widget-wrap elementor-element-populated\">\n\t\t\t\t\t\t<div class=\"elementor-element elementor-element-dca5e60 elementor-widget elementor-widget-text-editor\" data-id=\"dca5e60\" data-element_type=\"widget\" data-widget_type=\"text-editor.default\">\n\t\t\t\t<div class=\"elementor-widget-container\">\n\t\t\t\t\t\t\t\t\t<p>CYBERETI soutient que les 17-27 ans sont des adultes \u00e9mergents qui croulent sous le poids des traumatismes trans-g\u00e9nerationnels h\u00e9rit\u00e9s de leurs parents \u2013 eux-m\u00eames souffrant de ces m\u00eames transmissions ancestrales des drames et des souffrances r\u00e9actualis\u00e9s \u00e0 chaque g\u00e9n\u00e9ration. Les troubles de sant\u00e9 mentale, affective, sociale des 17-27 ans sont les sympt\u00f4mes de ce mal-\u00eatre qui appelle \u00e0 la transformation.<\/p><p>Dans cette perspective, CYBERETI encourage <strong>un dialogue familial entre parents et enfants<\/strong>, quand un risque suicidaire existe ou des blessures psychiques ou physiques sont \u00e0 craindre et la cons\u00e9quence de ce mal-\u00eatre peut \u00eatre fatale.<\/p><p>Aller vers le mieux-\u00eatre requiert <strong>une approche holistique des dimensions mentale, affective, physique, sociale et culturelle (incluant la spiritualit\u00e9)<\/strong>.<\/p><p>Int\u00e9grer les dimensions humaine, psychique et spirituelle, au-del\u00e0 de la souffrance existentielle, n\u00e9cessite <strong>un travail individuel et relationnel dans un cadre interg\u00e9n\u00e9rationnel<\/strong>.<\/p>\t\t\t\t\t\t\t\t<\/div>\n\t\t\t\t<\/div>\n\t\t\t\t\t<\/div>\n\t\t<\/div>\n\t\t\t\t\t<\/div>\n\t\t<\/section>\n\t\t\t\t<section class=\"elementor-section elementor-top-section elementor-element elementor-element-c847212 elementor-section-boxed elementor-section-height-default elementor-section-height-default\" data-id=\"c847212\" data-element_type=\"section\">\n\t\t\t\t\t\t<div class=\"elementor-container elementor-column-gap-default\">\n\t\t\t\t\t<div class=\"elementor-column elementor-col-100 elementor-top-column elementor-element elementor-element-4ef0985\" data-id=\"4ef0985\" data-element_type=\"column\">\n\t\t\t<div class=\"elementor-widget-wrap elementor-element-populated\">\n\t\t\t\t\t\t<div class=\"elementor-element elementor-element-721b933 elementor-widget elementor-widget-image\" data-id=\"721b933\" data-element_type=\"widget\" data-widget_type=\"image.default\">\n\t\t\t\t<div class=\"elementor-widget-container\">\n\t\t\t\t\t\t\t\t\t\t\t\t\t\t\t<img fetchpriority=\"high\" decoding=\"async\" width=\"300\" height=\"216\" src=\"https:\/\/cybereti.com\/wp-content\/uploads\/2024\/10\/20220510-2-geese-with-4-chicks-300x216.jpg\" class=\"attachment-medium size-medium wp-image-1239\" alt=\"\" srcset=\"https:\/\/cybereti.com\/wp-content\/uploads\/2024\/10\/20220510-2-geese-with-4-chicks-300x216.jpg 300w, https:\/\/cybereti.com\/wp-content\/uploads\/2024\/10\/20220510-2-geese-with-4-chicks-1024x736.jpg 1024w, https:\/\/cybereti.com\/wp-content\/uploads\/2024\/10\/20220510-2-geese-with-4-chicks-768x552.jpg 768w, https:\/\/cybereti.com\/wp-content\/uploads\/2024\/10\/20220510-2-geese-with-4-chicks-1536x1104.jpg 1536w, https:\/\/cybereti.com\/wp-content\/uploads\/2024\/10\/20220510-2-geese-with-4-chicks-2048x1473.jpg 2048w, https:\/\/cybereti.com\/wp-content\/uploads\/2024\/10\/20220510-2-geese-with-4-chicks-358x257.jpg 358w\" sizes=\"(max-width: 300px) 100vw, 300px\" \/>\t\t\t\t\t\t\t\t\t\t\t\t\t\t\t<\/div>\n\t\t\t\t<\/div>\n\t\t\t\t\t<\/div>\n\t\t<\/div>\n\t\t\t\t\t<\/div>\n\t\t<\/section>\n\t\t\t\t<section class=\"elementor-section elementor-top-section elementor-element elementor-element-f12ab4e elementor-section-boxed elementor-section-height-default elementor-section-height-default\" data-id=\"f12ab4e\" data-element_type=\"section\">\n\t\t\t\t\t\t<div class=\"elementor-container elementor-column-gap-default\">\n\t\t\t\t\t<div class=\"elementor-column elementor-col-100 elementor-top-column elementor-element elementor-element-3cd5b3f\" data-id=\"3cd5b3f\" data-element_type=\"column\">\n\t\t\t<div class=\"elementor-widget-wrap elementor-element-populated\">\n\t\t\t\t\t\t<div class=\"elementor-element elementor-element-29b8394 elementor-widget elementor-widget-text-editor\" data-id=\"29b8394\" data-element_type=\"widget\" data-widget_type=\"text-editor.default\">\n\t\t\t\t<div class=\"elementor-widget-container\">\n\t\t\t\t\t\t\t\t\t<p>Toute cassure existentielle a des cons\u00e9quences neurologiques et psychiques qui affectent la possibilit\u00e9 de continuer \u00e0 vivre et \u00e0 se d\u00e9velopper vers un mieux-\u00eatre. Les diff\u00e9rentes pertes que nous rencontrons au fil de nos exp\u00e9riences et de notre cheminement sont des passages oblig\u00e9s de prise de conscience de l\u2019absence, de la rupture, avec sa col\u00e8re, sa tristesse, et son acceptation, vers une reconstruction psychique et le retour de la joie et du dynamisme de vivre.<\/p>\t\t\t\t\t\t\t\t<\/div>\n\t\t\t\t<\/div>\n\t\t\t\t\t<\/div>\n\t\t<\/div>\n\t\t\t\t\t<\/div>\n\t\t<\/section>\n\t\t\t\t<section class=\"elementor-section elementor-top-section elementor-element elementor-element-67d8445 elementor-section-boxed elementor-section-height-default elementor-section-height-default\" data-id=\"67d8445\" data-element_type=\"section\">\n\t\t\t\t\t\t<div class=\"elementor-container elementor-column-gap-default\">\n\t\t\t\t\t<div class=\"elementor-column elementor-col-100 elementor-top-column elementor-element elementor-element-6c1f6a5\" data-id=\"6c1f6a5\" data-element_type=\"column\">\n\t\t\t<div class=\"elementor-widget-wrap elementor-element-populated\">\n\t\t\t\t\t\t<div class=\"elementor-element elementor-element-961d828 elementor-widget elementor-widget-image\" data-id=\"961d828\" data-element_type=\"widget\" data-widget_type=\"image.default\">\n\t\t\t\t<div class=\"elementor-widget-container\">\n\t\t\t\t\t\t\t\t\t\t\t\t\t\t\t<img decoding=\"async\" width=\"264\" height=\"300\" src=\"https:\/\/cybereti.com\/wp-content\/uploads\/2024\/10\/20220510-mummy-goose-with-2-chicks-264x300.jpg\" class=\"attachment-medium size-medium wp-image-1243\" alt=\"\" srcset=\"https:\/\/cybereti.com\/wp-content\/uploads\/2024\/10\/20220510-mummy-goose-with-2-chicks-264x300.jpg 264w, https:\/\/cybereti.com\/wp-content\/uploads\/2024\/10\/20220510-mummy-goose-with-2-chicks-900x1024.jpg 900w, https:\/\/cybereti.com\/wp-content\/uploads\/2024\/10\/20220510-mummy-goose-with-2-chicks-768x874.jpg 768w, https:\/\/cybereti.com\/wp-content\/uploads\/2024\/10\/20220510-mummy-goose-with-2-chicks-1350x1536.jpg 1350w, https:\/\/cybereti.com\/wp-content\/uploads\/2024\/10\/20220510-mummy-goose-with-2-chicks-308x350.jpg 308w, https:\/\/cybereti.com\/wp-content\/uploads\/2024\/10\/20220510-mummy-goose-with-2-chicks.jpg 1539w\" sizes=\"(max-width: 264px) 100vw, 264px\" \/>\t\t\t\t\t\t\t\t\t\t\t\t\t\t\t<\/div>\n\t\t\t\t<\/div>\n\t\t\t\t\t<\/div>\n\t\t<\/div>\n\t\t\t\t\t<\/div>\n\t\t<\/section>\n\t\t\t\t<\/div>\n\t\t","protected":false},"excerpt":{"rendered":"<p>CYBERETI soutient que les 17-27 ans sont des adultes \u00e9mergents qui croulent sous le poids des traumatismes trans-g\u00e9nerationnels h\u00e9rit\u00e9s de leurs parents \u2013 eux-m\u00eames souffrant &hellip;<\/p>\n","protected":false},"author":1,"featured_media":0,"parent":0,"menu_order":0,"comment_status":"closed","ping_status":"closed","template":"","meta":{"footnotes":""},"class_list":["post-1102","page","type-page","status-publish","hentry"],"_links":{"self":[{"href":"https:\/\/cybereti.com\/index.php\/wp-json\/wp\/v2\/pages\/1102","targetHints":{"allow":["GET"]}}],"collection":[{"href":"https:\/\/cybereti.com\/index.php\/wp-json\/wp\/v2\/pages"}],"about":[{"href":"https:\/\/cybereti.com\/index.php\/wp-json\/wp\/v2\/types\/page"}],"author":[{"embeddable":true,"href":"https:\/\/cybereti.com\/index.php\/wp-json\/wp\/v2\/users\/1"}],"replies":[{"embeddable":true,"href":"https:\/\/cybereti.com\/index.php\/wp-json\/wp\/v2\/comments?post=1102"}],"version-history":[{"count":14,"href":"https:\/\/cybereti.com\/index.php\/wp-json\/wp\/v2\/pages\/1102\/revisions"}],"predecessor-version":[{"id":1246,"href":"https:\/\/cybereti.com\/index.php\/wp-json\/wp\/v2\/pages\/1102\/revisions\/1246"}],"wp:attachment":[{"href":"https:\/\/cybereti.com\/index.php\/wp-json\/wp\/v2\/media?parent=1102"}],"curies":[{"name":"wp","href":"https:\/\/api.w.org\/{rel}","templated":true}]}}