{"id":1119,"date":"2023-03-31T05:19:09","date_gmt":"2023-03-31T09:19:09","guid":{"rendered":"http:\/\/cybereti.com\/?page_id=1119"},"modified":"2024-11-04T13:32:26","modified_gmt":"2024-11-04T12:32:26","slug":"qui-sommes-nous","status":"publish","type":"page","link":"https:\/\/cybereti.com\/index.php\/qui-sommes-nous\/","title":{"rendered":"Qui sommes-nous ?"},"content":{"rendered":"\t\t<div data-elementor-type=\"wp-page\" data-elementor-id=\"1119\" class=\"elementor elementor-1119\">\n\t\t\t\t\t\t<section class=\"elementor-section elementor-top-section elementor-element elementor-element-829bb28 elementor-section-boxed elementor-section-height-default elementor-section-height-default\" data-id=\"829bb28\" data-element_type=\"section\">\n\t\t\t\t\t\t<div class=\"elementor-container elementor-column-gap-default\">\n\t\t\t\t\t<div class=\"elementor-column elementor-col-100 elementor-top-column elementor-element elementor-element-938a713\" data-id=\"938a713\" data-element_type=\"column\">\n\t\t\t<div class=\"elementor-widget-wrap elementor-element-populated\">\n\t\t\t\t\t\t<div class=\"elementor-element elementor-element-f7ae5d9 elementor-widget elementor-widget-text-editor\" data-id=\"f7ae5d9\" data-element_type=\"widget\" data-widget_type=\"text-editor.default\">\n\t\t\t\t<div class=\"elementor-widget-container\">\n\t\t\t\t\t\t\t\t\t<p>CYBERETI est une initiative th\u00e9rapeutique de Veronique Tomaszewski, en hommage \u00e0 Etienne, son fils, qui nous a quitt\u00e9 le 27 septembre 2017. Musicien n\u00e9 \u00e0 l\u2019oreille juste, passionn\u00e9 de lecture, de nature et de jeux vid\u00e9o multivers, d\u2019o\u00f9 le nom de \u00ab cyber-eti \u00bb, il aimait aller camper avec ses amis autant que passer des nuits sur la toile du cyber-espace \u00e0 jouer des jeux video comp\u00e9titifs en \u00e9quipe. Etienne \u00e9tait hyper-sensible et hyper dou\u00e9. Son intelligence fulgurante dans son \u00e9locution parfaite trahissait une maturit\u00e9 surprenante pour son \u00e2ge. Souffrant de dissociation quasi-constante, d\u2019hyper-sensitivit\u00e9s et d\u2019un degr\u00e9 insupportable d\u2019anxi\u00e9t\u00e9 sociale qui le paralysaient autant avec les filles que dans des lieux publiques, il se retrouva pris dans des all\u00e9geances \u00e0 une amie suicidaire, \u00e0 des amis exp\u00e9rimentant avec des drogues plus ou moins dures et \u00e0 des id\u00e9es de fin du monde, de vacuit\u00e9 et autres dimensions qui l&#8217;ont aspir\u00e9.<\/p>\t\t\t\t\t\t\t\t<\/div>\n\t\t\t\t<\/div>\n\t\t\t\t\t<\/div>\n\t\t<\/div>\n\t\t\t\t\t<\/div>\n\t\t<\/section>\n\t\t\t\t<section class=\"elementor-section elementor-top-section elementor-element elementor-element-1505380 elementor-section-boxed elementor-section-height-default elementor-section-height-default\" data-id=\"1505380\" data-element_type=\"section\">\n\t\t\t\t\t\t<div class=\"elementor-container elementor-column-gap-default\">\n\t\t\t\t\t<div class=\"elementor-column elementor-col-33 elementor-top-column elementor-element elementor-element-d640adc\" data-id=\"d640adc\" data-element_type=\"column\">\n\t\t\t<div class=\"elementor-widget-wrap elementor-element-populated\">\n\t\t\t\t\t\t<div class=\"elementor-element elementor-element-17dbe8a elementor-widget elementor-widget-image\" data-id=\"17dbe8a\" data-element_type=\"widget\" data-widget_type=\"image.default\">\n\t\t\t\t<div class=\"elementor-widget-container\">\n\t\t\t\t\t\t\t\t\t\t\t\t\t\t\t<img fetchpriority=\"high\" decoding=\"async\" width=\"760\" height=\"1013\" src=\"https:\/\/cybereti.com\/wp-content\/uploads\/2024\/10\/eti-red-shirt-sunglasses-768x1024.jpg\" class=\"attachment-large size-large wp-image-1259\" alt=\"\" srcset=\"https:\/\/cybereti.com\/wp-content\/uploads\/2024\/10\/eti-red-shirt-sunglasses-768x1024.jpg 768w, https:\/\/cybereti.com\/wp-content\/uploads\/2024\/10\/eti-red-shirt-sunglasses-225x300.jpg 225w, https:\/\/cybereti.com\/wp-content\/uploads\/2024\/10\/eti-red-shirt-sunglasses-1152x1536.jpg 1152w, https:\/\/cybereti.com\/wp-content\/uploads\/2024\/10\/eti-red-shirt-sunglasses-1536x2048.jpg 1536w, https:\/\/cybereti.com\/wp-content\/uploads\/2024\/10\/eti-red-shirt-sunglasses-263x350.jpg 263w, https:\/\/cybereti.com\/wp-content\/uploads\/2024\/10\/eti-red-shirt-sunglasses-scaled.jpg 1920w\" sizes=\"(max-width: 760px) 100vw, 760px\" \/>\t\t\t\t\t\t\t\t\t\t\t\t\t\t\t<\/div>\n\t\t\t\t<\/div>\n\t\t\t\t\t<\/div>\n\t\t<\/div>\n\t\t\t\t<div class=\"elementor-column elementor-col-33 elementor-top-column elementor-element elementor-element-8b54536\" data-id=\"8b54536\" data-element_type=\"column\">\n\t\t\t<div class=\"elementor-widget-wrap elementor-element-populated\">\n\t\t\t\t\t\t<div class=\"elementor-element elementor-element-e9b4234 elementor-widget elementor-widget-image\" data-id=\"e9b4234\" data-element_type=\"widget\" data-widget_type=\"image.default\">\n\t\t\t\t<div class=\"elementor-widget-container\">\n\t\t\t\t\t\t\t\t\t\t\t\t\t\t\t<img decoding=\"async\" width=\"760\" height=\"1013\" src=\"https:\/\/cybereti.com\/wp-content\/uploads\/2024\/10\/Etienne-Ramses-768x1024.jpg\" class=\"attachment-large size-large wp-image-1252\" alt=\"\" srcset=\"https:\/\/cybereti.com\/wp-content\/uploads\/2024\/10\/Etienne-Ramses-768x1024.jpg 768w, https:\/\/cybereti.com\/wp-content\/uploads\/2024\/10\/Etienne-Ramses-225x300.jpg 225w, https:\/\/cybereti.com\/wp-content\/uploads\/2024\/10\/Etienne-Ramses-1152x1536.jpg 1152w, https:\/\/cybereti.com\/wp-content\/uploads\/2024\/10\/Etienne-Ramses-1536x2048.jpg 1536w, https:\/\/cybereti.com\/wp-content\/uploads\/2024\/10\/Etienne-Ramses-263x350.jpg 263w, https:\/\/cybereti.com\/wp-content\/uploads\/2024\/10\/Etienne-Ramses-scaled.jpg 1920w\" sizes=\"(max-width: 760px) 100vw, 760px\" \/>\t\t\t\t\t\t\t\t\t\t\t\t\t\t\t<\/div>\n\t\t\t\t<\/div>\n\t\t\t\t\t<\/div>\n\t\t<\/div>\n\t\t\t\t<div class=\"elementor-column elementor-col-33 elementor-top-column elementor-element elementor-element-597bcdc\" data-id=\"597bcdc\" data-element_type=\"column\">\n\t\t\t<div class=\"elementor-widget-wrap elementor-element-populated\">\n\t\t\t\t\t\t<div class=\"elementor-element elementor-element-2fff525 elementor-widget elementor-widget-image\" data-id=\"2fff525\" data-element_type=\"widget\" data-widget_type=\"image.default\">\n\t\t\t\t<div class=\"elementor-widget-container\">\n\t\t\t\t\t\t\t\t\t\t\t\t\t\t\t<img decoding=\"async\" width=\"618\" height=\"800\" src=\"https:\/\/cybereti.com\/wp-content\/uploads\/2024\/10\/01.jpg\" class=\"attachment-2048x2048 size-2048x2048 wp-image-1255\" alt=\"\" srcset=\"https:\/\/cybereti.com\/wp-content\/uploads\/2024\/10\/01.jpg 618w, https:\/\/cybereti.com\/wp-content\/uploads\/2024\/10\/01-232x300.jpg 232w, https:\/\/cybereti.com\/wp-content\/uploads\/2024\/10\/01-270x350.jpg 270w\" sizes=\"(max-width: 618px) 100vw, 618px\" \/>\t\t\t\t\t\t\t\t\t\t\t\t\t\t\t<\/div>\n\t\t\t\t<\/div>\n\t\t\t\t\t<\/div>\n\t\t<\/div>\n\t\t\t\t\t<\/div>\n\t\t<\/section>\n\t\t\t\t<section class=\"elementor-section elementor-top-section elementor-element elementor-element-feb4b2a elementor-section-boxed elementor-section-height-default elementor-section-height-default\" data-id=\"feb4b2a\" data-element_type=\"section\">\n\t\t\t\t\t\t<div class=\"elementor-container elementor-column-gap-default\">\n\t\t\t\t\t<div class=\"elementor-column elementor-col-50 elementor-top-column elementor-element elementor-element-99801aa\" data-id=\"99801aa\" data-element_type=\"column\">\n\t\t\t<div class=\"elementor-widget-wrap elementor-element-populated\">\n\t\t\t\t\t\t<div class=\"elementor-element elementor-element-6617397 elementor-widget elementor-widget-text-editor\" data-id=\"6617397\" data-element_type=\"widget\" data-widget_type=\"text-editor.default\">\n\t\t\t\t<div class=\"elementor-widget-container\">\n\t\t\t\t\t\t\t\t\t<p>V\u00e9ronique Nathalie Tomaszewski est une th\u00e9rapeute Gestalt et pleine conscience qui a oeuvr\u00e9 pendant plus de vingt ans en tant que psychosociologue au Canada avant d\u2019ajouter sa pratique de Gestalt-th\u00e9rapie en France.<br \/>Forte de plus de vingt ans de soutien aux \u00e9tudiants en milieu universitaire, elle est experte en sant\u00e9 mentale des jeunes entre 17 et 27 ans; ainsi que sp\u00e9cialis\u00e9e en accompagnement des transitions et changements de vie. Elle a cr\u00e9\u00e9 <em>Circle of Now<\/em>, une clinique Gestalt en pleine conscience pour traiter des addictions, l&#8217;anxi\u00e9t\u00e9, la d\u00e9pression et les trauma; et <em>Cybereti<\/em> pour sensibiliser \u00e0 la sant\u00e9 mentale des jeunes et accompagner le deuil des familles ayant perdu des enfants.\u00a0<\/p><p>Elle a int\u00e9gr\u00e9 les enseignements gu\u00e9risseurs traditionnels himalayens bas\u00e9s sur les \u00e9l\u00e9ments vitaux et organiques, comme dimension de contact avec sa pratique en Gestalt et Mindfulness. Son approche th\u00e9rapeutique est holistique, incluant les cinq couches \u00e9nerg\u00e9tiques et physique du corps, les sept dimensions de la conscience, l\u2019environnement social, familial et physique, les dimensions extra-sensorielles, et celles trans-g\u00e9n\u00e9tiques et trans-g\u00e9n\u00e9rationnelles qui lient ces aspects co-d\u00e9pendants et co-originels de ses patients dans le champ quantique de la vie terrestre.<\/p>\t\t\t\t\t\t\t\t<\/div>\n\t\t\t\t<\/div>\n\t\t\t\t\t<\/div>\n\t\t<\/div>\n\t\t\t\t<div class=\"elementor-column elementor-col-50 elementor-top-column elementor-element elementor-element-fde967b\" data-id=\"fde967b\" data-element_type=\"column\">\n\t\t\t<div class=\"elementor-widget-wrap elementor-element-populated\">\n\t\t\t\t\t\t<div class=\"elementor-element elementor-element-8f5dc75 elementor-widget elementor-widget-image\" data-id=\"8f5dc75\" data-element_type=\"widget\" data-widget_type=\"image.default\">\n\t\t\t\t<div class=\"elementor-widget-container\">\n\t\t\t\t\t\t\t\t\t\t\t\t\t\t\t<img loading=\"lazy\" decoding=\"async\" width=\"760\" height=\"918\" src=\"https:\/\/cybereti.com\/wp-content\/uploads\/2024\/10\/Vera-hands-small-size-848x1024.jpeg\" class=\"attachment-large size-large wp-image-1268\" alt=\"\" srcset=\"https:\/\/cybereti.com\/wp-content\/uploads\/2024\/10\/Vera-hands-small-size-848x1024.jpeg 848w, https:\/\/cybereti.com\/wp-content\/uploads\/2024\/10\/Vera-hands-small-size-248x300.jpeg 248w, https:\/\/cybereti.com\/wp-content\/uploads\/2024\/10\/Vera-hands-small-size-768x928.jpeg 768w, https:\/\/cybereti.com\/wp-content\/uploads\/2024\/10\/Vera-hands-small-size-1272x1536.jpeg 1272w, https:\/\/cybereti.com\/wp-content\/uploads\/2024\/10\/Vera-hands-small-size-1695x2048.jpeg 1695w, https:\/\/cybereti.com\/wp-content\/uploads\/2024\/10\/Vera-hands-small-size-290x350.jpeg 290w, https:\/\/cybereti.com\/wp-content\/uploads\/2024\/10\/Vera-hands-small-size.jpeg 1721w\" sizes=\"(max-width: 760px) 100vw, 760px\" \/>\t\t\t\t\t\t\t\t\t\t\t\t\t\t\t<\/div>\n\t\t\t\t<\/div>\n\t\t\t\t\t<\/div>\n\t\t<\/div>\n\t\t\t\t\t<\/div>\n\t\t<\/section>\n\t\t\t\t<\/div>\n\t\t","protected":false},"excerpt":{"rendered":"<p>CYBERETI est une initiative th\u00e9rapeutique de Veronique Tomaszewski, en hommage \u00e0 Etienne, son fils, qui nous a quitt\u00e9 le 27 septembre 2017. Musicien n\u00e9 \u00e0 &hellip;<\/p>\n","protected":false},"author":1,"featured_media":0,"parent":0,"menu_order":0,"comment_status":"closed","ping_status":"closed","template":"","meta":{"footnotes":""},"class_list":["post-1119","page","type-page","status-publish","hentry"],"_links":{"self":[{"href":"https:\/\/cybereti.com\/index.php\/wp-json\/wp\/v2\/pages\/1119","targetHints":{"allow":["GET"]}}],"collection":[{"href":"https:\/\/cybereti.com\/index.php\/wp-json\/wp\/v2\/pages"}],"about":[{"href":"https:\/\/cybereti.com\/index.php\/wp-json\/wp\/v2\/types\/page"}],"author":[{"embeddable":true,"href":"https:\/\/cybereti.com\/index.php\/wp-json\/wp\/v2\/users\/1"}],"replies":[{"embeddable":true,"href":"https:\/\/cybereti.com\/index.php\/wp-json\/wp\/v2\/comments?post=1119"}],"version-history":[{"count":28,"href":"https:\/\/cybereti.com\/index.php\/wp-json\/wp\/v2\/pages\/1119\/revisions"}],"predecessor-version":[{"id":1286,"href":"https:\/\/cybereti.com\/index.php\/wp-json\/wp\/v2\/pages\/1119\/revisions\/1286"}],"wp:attachment":[{"href":"https:\/\/cybereti.com\/index.php\/wp-json\/wp\/v2\/media?parent=1119"}],"curies":[{"name":"wp","href":"https:\/\/api.w.org\/{rel}","templated":true}]}}