{"id":1122,"date":"2023-03-31T05:25:51","date_gmt":"2023-03-31T09:25:51","guid":{"rendered":"http:\/\/cybereti.com\/?page_id=1122"},"modified":"2024-10-31T16:29:22","modified_gmt":"2024-10-31T15:29:22","slug":"intervention-en-sante-mentale","status":"publish","type":"page","link":"https:\/\/cybereti.com\/index.php\/intervention-en-sante-mentale\/","title":{"rendered":"Intervention en sant\u00e9 mentale"},"content":{"rendered":"\t\t<div data-elementor-type=\"wp-page\" data-elementor-id=\"1122\" class=\"elementor elementor-1122\">\n\t\t\t\t\t\t<section class=\"elementor-section elementor-top-section elementor-element elementor-element-78470a3 elementor-section-boxed elementor-section-height-default elementor-section-height-default\" data-id=\"78470a3\" data-element_type=\"section\">\n\t\t\t\t\t\t<div class=\"elementor-container elementor-column-gap-default\">\n\t\t\t\t\t<div class=\"elementor-column elementor-col-100 elementor-top-column elementor-element elementor-element-8084ee2\" data-id=\"8084ee2\" data-element_type=\"column\">\n\t\t\t<div class=\"elementor-widget-wrap elementor-element-populated\">\n\t\t\t\t\t\t<div class=\"elementor-element elementor-element-81d1eed elementor-widget elementor-widget-text-editor\" data-id=\"81d1eed\" data-element_type=\"widget\" data-widget_type=\"text-editor.default\">\n\t\t\t\t<div class=\"elementor-widget-container\">\n\t\t\t\t\t\t\t\t\t<p>CYBERETI articule deux p\u00f4les d\u2019intervention\u00a0:<\/p><p>P\u00f4le d\u2019intervention en <strong>sant\u00e9 mentale Gestalt-th\u00e9rapie en pleine conscience et par l\u2019art.<\/strong> <br \/>P\u00f4le d\u2019intervention <strong>interg\u00e9n\u00e9rationnel de mise en relation entre les 17-27 ans et des parents<\/strong> ayant perdu un enfant ou d\u00e9sirant reconnecter et gu\u00e9rir leur adolescence perdue<\/p><p>Ces p\u00f4les s\u2019articulent pendant:<br \/>Des <strong>sessions de th\u00e9rapie individuelle<\/strong>. Les sessions de th\u00e9rapie individuelle et de groupe s\u2019appuient sur les modalit\u00e9s multi-sensorielles de la Gestalt-th\u00e9rapie, sur le dialogue psychodynamique relationnel, sur la pleine conscience ici-et-maintenant, maintenant-et-apr\u00e8s, et sur les approches artistiques et spirituelles d\u2019accompagnement et de r\u00e9alisation.<br \/>Des <strong>sessions de th\u00e9rapie de groupe<\/strong> et <strong>ateliers de relationnel et de partage<\/strong> entre parents endeuill\u00e9s et jeunes souffrant de co-morbidit\u00e9s. Les ateliers de relationnel et de partage entre parents endeuill\u00e9s et jeunes souffrant de co-morbidit\u00e9s sont organis\u00e9s autour d\u2019activit\u00e9s cr\u00e9atives. CYBERETI affirme que se connecter \u00e0 la vie en s\u2019engageant dans un processus relationnel est une m\u00e9thode efficace et profond\u00e9ment satisfaisante et transformatrice.<\/p>\t\t\t\t\t\t\t\t<\/div>\n\t\t\t\t<\/div>\n\t\t\t\t\t<\/div>\n\t\t<\/div>\n\t\t\t\t\t<\/div>\n\t\t<\/section>\n\t\t\t\t<section class=\"elementor-section elementor-top-section elementor-element elementor-element-6f5f663 elementor-section-boxed elementor-section-height-default elementor-section-height-default\" data-id=\"6f5f663\" data-element_type=\"section\">\n\t\t\t\t\t\t<div class=\"elementor-container elementor-column-gap-default\">\n\t\t\t\t\t<div class=\"elementor-column elementor-col-100 elementor-top-column elementor-element elementor-element-5052ab7\" data-id=\"5052ab7\" data-element_type=\"column\">\n\t\t\t<div class=\"elementor-widget-wrap elementor-element-populated\">\n\t\t\t\t\t\t<div class=\"elementor-element elementor-element-3395b25 elementor-widget elementor-widget-image\" data-id=\"3395b25\" data-element_type=\"widget\" data-widget_type=\"image.default\">\n\t\t\t\t<div class=\"elementor-widget-container\">\n\t\t\t\t\t\t\t\t\t\t\t\t\t\t\t<img fetchpriority=\"high\" decoding=\"async\" width=\"400\" height=\"426\" src=\"https:\/\/cybereti.com\/wp-content\/uploads\/2020\/09\/Rosenberg-dont-worry-I-have-a-plan.jpg\" class=\"attachment-large size-large wp-image-1057\" alt=\"\" srcset=\"https:\/\/cybereti.com\/wp-content\/uploads\/2020\/09\/Rosenberg-dont-worry-I-have-a-plan.jpg 400w, https:\/\/cybereti.com\/wp-content\/uploads\/2020\/09\/Rosenberg-dont-worry-I-have-a-plan-282x300.jpg 282w\" sizes=\"(max-width: 400px) 100vw, 400px\" \/>\t\t\t\t\t\t\t\t\t\t\t\t\t\t\t<\/div>\n\t\t\t\t<\/div>\n\t\t\t\t\t<\/div>\n\t\t<\/div>\n\t\t\t\t\t<\/div>\n\t\t<\/section>\n\t\t\t\t<\/div>\n\t\t","protected":false},"excerpt":{"rendered":"<p>CYBERETI articule deux p\u00f4les d\u2019intervention\u00a0: P\u00f4le d\u2019intervention en sant\u00e9 mentale Gestalt-th\u00e9rapie en pleine conscience et par l\u2019art. P\u00f4le d\u2019intervention interg\u00e9n\u00e9rationnel de mise en relation entre &hellip;<\/p>\n","protected":false},"author":1,"featured_media":0,"parent":0,"menu_order":0,"comment_status":"closed","ping_status":"closed","template":"","meta":{"footnotes":""},"class_list":["post-1122","page","type-page","status-publish","hentry"],"_links":{"self":[{"href":"https:\/\/cybereti.com\/index.php\/wp-json\/wp\/v2\/pages\/1122","targetHints":{"allow":["GET"]}}],"collection":[{"href":"https:\/\/cybereti.com\/index.php\/wp-json\/wp\/v2\/pages"}],"about":[{"href":"https:\/\/cybereti.com\/index.php\/wp-json\/wp\/v2\/types\/page"}],"author":[{"embeddable":true,"href":"https:\/\/cybereti.com\/index.php\/wp-json\/wp\/v2\/users\/1"}],"replies":[{"embeddable":true,"href":"https:\/\/cybereti.com\/index.php\/wp-json\/wp\/v2\/comments?post=1122"}],"version-history":[{"count":7,"href":"https:\/\/cybereti.com\/index.php\/wp-json\/wp\/v2\/pages\/1122\/revisions"}],"predecessor-version":[{"id":1220,"href":"https:\/\/cybereti.com\/index.php\/wp-json\/wp\/v2\/pages\/1122\/revisions\/1220"}],"wp:attachment":[{"href":"https:\/\/cybereti.com\/index.php\/wp-json\/wp\/v2\/media?parent=1122"}],"curies":[{"name":"wp","href":"https:\/\/api.w.org\/{rel}","templated":true}]}}