{"id":1133,"date":"2023-03-31T05:55:08","date_gmt":"2023-03-31T09:55:08","guid":{"rendered":"http:\/\/cybereti.com\/?page_id=1133"},"modified":"2024-10-31T16:45:17","modified_gmt":"2024-10-31T15:45:17","slug":"cybereti-la-sante-mentale-des-17-27-ans-et-leurs-parents","status":"publish","type":"page","link":"https:\/\/cybereti.com\/index.php\/cybereti-la-sante-mentale-des-17-27-ans-et-leurs-parents\/","title":{"rendered":"La sant\u00e9 mentale des 17-27 ans et leurs parents"},"content":{"rendered":"\t\t<div data-elementor-type=\"wp-page\" data-elementor-id=\"1133\" class=\"elementor elementor-1133\">\n\t\t\t\t\t\t<section class=\"elementor-section elementor-top-section elementor-element elementor-element-6b4ebdd elementor-section-boxed elementor-section-height-default elementor-section-height-default\" data-id=\"6b4ebdd\" data-element_type=\"section\">\n\t\t\t\t\t\t<div class=\"elementor-container elementor-column-gap-default\">\n\t\t\t\t\t<div class=\"elementor-column elementor-col-100 elementor-top-column elementor-element elementor-element-33be34f4\" data-id=\"33be34f4\" data-element_type=\"column\">\n\t\t\t<div class=\"elementor-widget-wrap elementor-element-populated\">\n\t\t\t\t\t\t<div class=\"elementor-element elementor-element-ef66128 elementor-widget elementor-widget-text-editor\" data-id=\"ef66128\" data-element_type=\"widget\" data-widget_type=\"text-editor.default\">\n\t\t\t\t<div class=\"elementor-widget-container\">\n\t\t\t\t\t\t\t\t\t\n<p><\/p>\n\n\n\n<p><\/p>\n\t\t\t\t\t\t\t\t<\/div>\n\t\t\t\t<\/div>\n\t\t\t\t\t<\/div>\n\t\t<\/div>\n\t\t\t\t\t<\/div>\n\t\t<\/section>\n\t\t\t\t<section class=\"elementor-section elementor-top-section elementor-element elementor-element-c675fc6 elementor-section-boxed elementor-section-height-default elementor-section-height-default\" data-id=\"c675fc6\" data-element_type=\"section\">\n\t\t\t\t\t\t<div class=\"elementor-container elementor-column-gap-default\">\n\t\t\t\t\t<div class=\"elementor-column elementor-col-100 elementor-top-column elementor-element elementor-element-88fa4aa\" data-id=\"88fa4aa\" data-element_type=\"column\">\n\t\t\t<div class=\"elementor-widget-wrap elementor-element-populated\">\n\t\t\t\t\t\t<div class=\"elementor-element elementor-element-9d2e029 elementor-widget elementor-widget-text-editor\" data-id=\"9d2e029\" data-element_type=\"widget\" data-widget_type=\"text-editor.default\">\n\t\t\t\t<div class=\"elementor-widget-container\">\n\t\t\t\t\t\t\t\t\t<p><strong>Qualit\u00e9 de contact et prise de conscience \u2013 le zeste de la force vitale<\/strong><br \/>Chaque jeune a sa subjectivit\u00e9 et son style de contact (gentil, \u00e9vitant, conflictuel, d\u00e9tendu). En tant que th\u00e9rapeutes, nous voulons \u00eatre comme un plan d&#8217;eau o\u00f9 une colombe a des effets d&#8217;entra\u00eenement, pour permettre la formation et l&#8217;accueil des cercles concentriques avec lesquels nous allons travailler.<br \/>Trois niveaux interactifs concourent : ce que nous savons de nous-m\u00eames en interaction (le jeune et le th\u00e9rapeute en contact) ; comment le jeune\u00a0 entre en contact ou \u00e9vite le contact ; comment r\u00e9sonnons-nous avec ce jeune et son style relationnel?<br \/>\u00catre reconnu et vivre des r\u00e9alisations \/ accomplissements est essentiel pour nous soutenir et nous sentir vus dans leur effort d&#8217;\u00eatre et de vivre. L&#8217;entrain, la vitalit\u00e9 est une force de vie &#8211; sans contenu sp\u00e9cifique &#8211; et \u00eatre reconnu, engag\u00e9 dans une activit\u00e9, c&#8217;est le contact avec cette force de vie. Chaque personne a une configuration \u00e9nerg\u00e9tique fondamentale qui rend son intentionnalit\u00e9 manifeste de mani\u00e8re unique, entre s\u00e9paration et unit\u00e9.<br \/>La jeunesse bat son plein pour acqu\u00e9rir le sentiment d&#8217;\u00eatre libre de l&#8217;\u00e9ducation parentale. Erikson a soulign\u00e9 que lorsque l&#8217;adolescence quitte les probl\u00e8mes de moratoire, les probl\u00e8mes de d\u00e9veloppement de l&#8217;identit\u00e9 cr\u00e9ent des souffrances existentielles et sociales. Les jeunes tentent de graviter autour de leurs pairs et aspirent pourtant \u00e0 se lib\u00e9rer des anciens sch\u00e9mas (la sexualit\u00e9, l&#8217;estime de soi et l&#8217;estime de soi sont alors fragiles). La libert\u00e9 est la possibilit\u00e9 de se relier et de s&#8217;associer librement au monde ; \u00e0 s&#8217;unir et \u00e0 respecter leur ind\u00e9pendance. Pour \u00eatre intime en toute s\u00e9curit\u00e9 et devenir une personnalit\u00e9 qui correspond \u00e0 leurs aspirations. La vie du groupe de pairs et l&#8217;appartenance sont apprises et test\u00e9es, et cette grande collaboration doit \u00eatre g\u00e9r\u00e9e. Cybereti propose une telle collaboration pour que les jeunes testent et go\u00fbtent leur mode de collaboration et de relation aux autres. Le sens de la communaut\u00e9 est essentiel pour soutenir les jeunes au-del\u00e0 de la souffrance individuelle.<\/p>\t\t\t\t\t\t\t\t<\/div>\n\t\t\t\t<\/div>\n\t\t\t\t\t<\/div>\n\t\t<\/div>\n\t\t\t\t\t<\/div>\n\t\t<\/section>\n\t\t\t\t<section class=\"elementor-section elementor-top-section elementor-element elementor-element-f5caea1 elementor-section-boxed elementor-section-height-default elementor-section-height-default\" data-id=\"f5caea1\" data-element_type=\"section\">\n\t\t\t\t\t\t<div class=\"elementor-container elementor-column-gap-default\">\n\t\t\t\t\t<div class=\"elementor-column elementor-col-100 elementor-top-column elementor-element elementor-element-9a0ba0f\" data-id=\"9a0ba0f\" data-element_type=\"column\">\n\t\t\t<div class=\"elementor-widget-wrap elementor-element-populated\">\n\t\t\t\t\t\t<div class=\"elementor-element elementor-element-a47b33c elementor-widget elementor-widget-image\" data-id=\"a47b33c\" data-element_type=\"widget\" data-widget_type=\"image.default\">\n\t\t\t\t<div class=\"elementor-widget-container\">\n\t\t\t\t\t\t\t\t\t\t\t\t\t\t\t<img fetchpriority=\"high\" decoding=\"async\" width=\"718\" height=\"720\" src=\"https:\/\/cybereti.com\/wp-content\/uploads\/2020\/09\/4-dignities-mandala-by-Wilykat13.jpg\" class=\"attachment-large size-large wp-image-1032\" alt=\"\" srcset=\"https:\/\/cybereti.com\/wp-content\/uploads\/2020\/09\/4-dignities-mandala-by-Wilykat13.jpg 718w, https:\/\/cybereti.com\/wp-content\/uploads\/2020\/09\/4-dignities-mandala-by-Wilykat13-300x300.jpg 300w, https:\/\/cybereti.com\/wp-content\/uploads\/2020\/09\/4-dignities-mandala-by-Wilykat13-150x150.jpg 150w, https:\/\/cybereti.com\/wp-content\/uploads\/2020\/09\/4-dignities-mandala-by-Wilykat13-100x100.jpg 100w\" sizes=\"(max-width: 718px) 100vw, 718px\" \/>\t\t\t\t\t\t\t\t\t\t\t\t\t\t\t<\/div>\n\t\t\t\t<\/div>\n\t\t\t\t\t<\/div>\n\t\t<\/div>\n\t\t\t\t\t<\/div>\n\t\t<\/section>\n\t\t\t\t<section class=\"elementor-section elementor-top-section elementor-element elementor-element-312f9c0 elementor-section-boxed elementor-section-height-default elementor-section-height-default\" data-id=\"312f9c0\" data-element_type=\"section\">\n\t\t\t\t\t\t<div class=\"elementor-container elementor-column-gap-default\">\n\t\t\t\t\t<div class=\"elementor-column elementor-col-50 elementor-top-column elementor-element elementor-element-8432d77\" data-id=\"8432d77\" data-element_type=\"column\">\n\t\t\t<div class=\"elementor-widget-wrap elementor-element-populated\">\n\t\t\t\t\t\t<div class=\"elementor-element elementor-element-482efa1 elementor-widget elementor-widget-text-editor\" data-id=\"482efa1\" data-element_type=\"widget\" data-widget_type=\"text-editor.default\">\n\t\t\t\t<div class=\"elementor-widget-container\">\n\t\t\t\t\t\t\t\t\t<p><strong>Les styles d&#8217;attachement comme entr\u00e9es dans les pathologies<\/strong><br \/>A chaque \u00e9tape du d\u00e9veloppement, de la petite enfance au d\u00e9but de l&#8217;\u00e2ge adulte, chaque fois que les charges corporelles intentionnelles sont frustr\u00e9es et non reconnues par les proches, il y a souffrance et d\u00e9veloppement de la pathologie. Un enfant qui rentre \u00e0 la maison et montre une bonne note \u00e0 son p\u00e8re et se fait dire que ce n&#8217;est pas assez bon souffre du manque de reconnaissance de l&#8217;autre. Ce geste \u00ab manquant \u00bb, cette \u00ab occasion manqu\u00e9e de contact \u00bb affectera le jeune alors qu&#8217;il est le principal mode de fonctionnement avec les autres. Elle \u00e9prouve de la confusion quant \u00e0 son sens de soi, sa capacit\u00e9 \u00e0 se connecter \u00e0 ses parents et le doute, voire la honte, peut s&#8217;installer sur ce qu&#8217;elle \/ il s&#8217;attendait \u00e0 ce qu&#8217;il se passe et \u00e0 quel point ils se trompent.<br \/>La r\u00e9p\u00e9tition de tels gestes manqu\u00e9s r\u00e9sonne dans le corps physique du jeune et n\u00e9cessite un certain ajustement cr\u00e9atif pour faire face \u00e0 la souffrance interne, en utilisant une certaine r\u00e9silience. De nombreux jeunes se coupent pour sentir leur corps, s\u2019auto-mutilent pour faire passer la \u201cmentalisation\u201d de la souffrance de l&#8217;angoisse \u00e0 la douleur physique ; une douleur tangible et qu&#8217;ils peuvent contr\u00f4ler, alors qu&#8217;ils sont d\u00e9sempar\u00e9s -souvent d\u00e9pass\u00e9s et effray\u00e9s- par leur souffrance mentale. Comment \u00eatre touch\u00e9 et transform\u00e9 par la souffrance des jeunes pour qu&#8217;on intervienne avec empathie et ne contribue pas \u00e0 plus de souffrance ? Comment partager la fragilit\u00e9, la vuln\u00e9rabilit\u00e9 ; et partager une \u00e9thique de la fraternit\u00e9 qui d\u00e9passe l&#8217;\u00e9thique narcissique (parentale, autoritaire, experte), pour rejoindre les jeunes l\u00e0 o\u00f9 ils sont ?<\/p>\t\t\t\t\t\t\t\t<\/div>\n\t\t\t\t<\/div>\n\t\t\t\t\t<\/div>\n\t\t<\/div>\n\t\t\t\t<div class=\"elementor-column elementor-col-50 elementor-top-column elementor-element elementor-element-8366e12\" data-id=\"8366e12\" data-element_type=\"column\">\n\t\t\t<div class=\"elementor-widget-wrap elementor-element-populated\">\n\t\t\t\t\t\t<div class=\"elementor-element elementor-element-1b87693 elementor-widget elementor-widget-text-editor\" data-id=\"1b87693\" data-element_type=\"widget\" data-widget_type=\"text-editor.default\">\n\t\t\t\t<div class=\"elementor-widget-container\">\n\t\t\t\t\t\t\t\t\t<p>D&#8217;abord les rencontrer \u00e0 leur \u00e9chelle, se sentir aussi fragiles et aussi seuls, se souvenir de ce que l&#8217;on ressentait \u00e0 leur \u00e2ge en se connectant \u00e0 nos sensations corporelles. D\u00e9sensibilis\u00e9 ? non. Il y a <strong>r\u00e9sonance<\/strong> avec sa propre sensibilit\u00e9 au m\u00eame \u00e2ge. C&#8217;est l\u00e0 que les parents qui n&#8217;ont pas la possibilit\u00e9 de ressentir et de r\u00e9sonner avec leur jeunesse recr\u00e9ent comment ils se sont ajust\u00e9s de mani\u00e8re cr\u00e9ative au mode de relation de leurs propres parents (n\u00e9gligence, violence physique, verbale, psychologique, abus ou toilettage sexuel, silence, \u00e9vitement\u2026 ). Ce <strong>traumatisme transg\u00e9n\u00e9rationnel, exprim\u00e9 physiologiquement dans l&#8217;\u00e9pig\u00e9n\u00e9tique, peut \u00eatre gu\u00e9ri lorsque les jeunes et les parents prennent conscience de leurs ajustements cr\u00e9atifs \u00e0 la souffrance.<\/strong><\/p>\n<p><strong>L&#8217;aspect situationnel de la souffrance<\/strong><br \/>Cybereti propose un programme concurrent pour les deux, pour aborder l&#8217;environnement et pas seulement les pathologies des jeunes. Les pathologies sont perspectives et situationnelles. Les jeunes tentent de rester entiers dans des situations difficiles et de prot\u00e9ger leur intention &#8211; leur besoin &#8211; de contact avec des personnes importantes. En nous <strong>concentrant sur la vitalit\u00e9 de cette intentionnalit\u00e9<\/strong>, nous sommes capables de nous connecter et de contempler la beaut\u00e9 de chaque \u00eatre. La dimension esth\u00e9tique est bas\u00e9e sur le sensoriel, bas\u00e9e sur les sens. Les jeunes per\u00e7oivent leur environnement d&#8217;une certaine mani\u00e8re et adaptent leur \u00e9nergie de contact en cons\u00e9quence. Le sentiment a une contrepartie corporelle qui est la charge d&#8217;\u00e9nergie pour le contact.<\/p>\t\t\t\t\t\t\t\t<\/div>\n\t\t\t\t<\/div>\n\t\t\t\t\t<\/div>\n\t\t<\/div>\n\t\t\t\t\t<\/div>\n\t\t<\/section>\n\t\t\t\t<\/div>\n\t\t","protected":false},"excerpt":{"rendered":"<p>Qualit\u00e9 de contact et prise de conscience \u2013 le zeste de la force vitaleChaque jeune a sa subjectivit\u00e9 et son style de contact (gentil, \u00e9vitant, &hellip;<\/p>\n","protected":false},"author":1,"featured_media":0,"parent":0,"menu_order":0,"comment_status":"closed","ping_status":"closed","template":"","meta":{"footnotes":""},"class_list":["post-1133","page","type-page","status-publish","hentry"],"_links":{"self":[{"href":"https:\/\/cybereti.com\/index.php\/wp-json\/wp\/v2\/pages\/1133","targetHints":{"allow":["GET"]}}],"collection":[{"href":"https:\/\/cybereti.com\/index.php\/wp-json\/wp\/v2\/pages"}],"about":[{"href":"https:\/\/cybereti.com\/index.php\/wp-json\/wp\/v2\/types\/page"}],"author":[{"embeddable":true,"href":"https:\/\/cybereti.com\/index.php\/wp-json\/wp\/v2\/users\/1"}],"replies":[{"embeddable":true,"href":"https:\/\/cybereti.com\/index.php\/wp-json\/wp\/v2\/comments?post=1133"}],"version-history":[{"count":11,"href":"https:\/\/cybereti.com\/index.php\/wp-json\/wp\/v2\/pages\/1133\/revisions"}],"predecessor-version":[{"id":1230,"href":"https:\/\/cybereti.com\/index.php\/wp-json\/wp\/v2\/pages\/1133\/revisions\/1230"}],"wp:attachment":[{"href":"https:\/\/cybereti.com\/index.php\/wp-json\/wp\/v2\/media?parent=1133"}],"curies":[{"name":"wp","href":"https:\/\/api.w.org\/{rel}","templated":true}]}}